{"id":3561,"date":"2026-02-26T23:39:33","date_gmt":"2026-02-26T23:39:33","guid":{"rendered":"https:\/\/denizbasibuyuk.com\/shop\/kategorilenmemis\/nebahat\/"},"modified":"2026-03-03T01:48:19","modified_gmt":"2026-03-03T01:48:19","slug":"nebahat","status":"publish","type":"product","link":"https:\/\/denizbasibuyuk.com\/tr\/magaza\/kitap\/nebahat\/","title":{"rendered":"Nebahat"},"content":{"rendered":"","protected":false},"excerpt":{"rendered":"<div dir=\"ltr\">\n<div dir=\"ltr\">Nebahat kat\u0131ks\u0131z ger\u00e7ekli\u011fi sayesinde ta\u015f\u0131d\u0131\u011f\u0131 umudu \u00e7o\u011faltan bir mucizenin roman\u0131. Her gecenin sabah\u0131 oldu\u011fuyla avunmak de\u011fil, gecenin i\u00e7indeki ayd\u0131nl\u0131\u011f\u0131 ya\u015famak istiyorsan\u0131z ve edebiyat seviyorsan\u0131z bu roman sizin i\u00e7in&#8230; <\/div>\n<\/div>\n","protected":false},"featured_media":3560,"comment_status":"open","ping_status":"closed","template":"","meta":[],"product_brand":[],"product_cat":[412,413],"product_tag":[],"class_list":{"0":"post-3561","1":"product","2":"type-product","3":"status-publish","4":"has-post-thumbnail","6":"product_cat-kitap","7":"product_cat-tum-urunler","9":"first","10":"instock","11":"shipping-taxable","12":"purchasable","13":"product-type-simple"},"jetpack_sharing_enabled":true,"_links":{"self":[{"href":"https:\/\/denizbasibuyuk.com\/tr\/wp-json\/wp\/v2\/product\/3561","targetHints":{"allow":["GET"]}}],"collection":[{"href":"https:\/\/denizbasibuyuk.com\/tr\/wp-json\/wp\/v2\/product"}],"about":[{"href":"https:\/\/denizbasibuyuk.com\/tr\/wp-json\/wp\/v2\/types\/product"}],"replies":[{"embeddable":true,"href":"https:\/\/denizbasibuyuk.com\/tr\/wp-json\/wp\/v2\/comments?post=3561"}],"version-history":[{"count":1,"href":"https:\/\/denizbasibuyuk.com\/tr\/wp-json\/wp\/v2\/product\/3561\/revisions"}],"predecessor-version":[{"id":3582,"href":"https:\/\/denizbasibuyuk.com\/tr\/wp-json\/wp\/v2\/product\/3561\/revisions\/3582"}],"wp:featuredmedia":[{"embeddable":true,"href":"https:\/\/denizbasibuyuk.com\/tr\/wp-json\/wp\/v2\/media\/3560"}],"wp:attachment":[{"href":"https:\/\/denizbasibuyuk.com\/tr\/wp-json\/wp\/v2\/media?parent=3561"}],"wp:term":[{"taxonomy":"product_brand","embeddable":true,"href":"https:\/\/denizbasibuyuk.com\/tr\/wp-json\/wp\/v2\/product_brand?post=3561"},{"taxonomy":"product_cat","embeddable":true,"href":"https:\/\/denizbasibuyuk.com\/tr\/wp-json\/wp\/v2\/product_cat?post=3561"},{"taxonomy":"product_tag","embeddable":true,"href":"https:\/\/denizbasibuyuk.com\/tr\/wp-json\/wp\/v2\/product_tag?post=3561"}],"curies":[{"name":"wp","href":"https:\/\/api.w.org\/{rel}","templated":true}]}}