{"id":2633,"date":"2016-02-11T10:41:26","date_gmt":"2016-02-11T10:41:26","guid":{"rendered":"https:\/\/denizbasibuyuk.com\/b-ask-a\/"},"modified":"2026-02-26T23:34:34","modified_gmt":"2026-02-26T23:34:34","slug":"b-ask-a","status":"publish","type":"product","link":"https:\/\/denizbasibuyuk.com\/tr\/magaza\/kitap\/b-ask-a\/","title":{"rendered":"B.A\u015eK.A"},"content":{"rendered":"","protected":false},"excerpt":{"rendered":"<p>G\u00f6n\u00fcl hep saf ve haz\u0131rd\u0131r. Marifet, akl\u0131 g\u00f6n\u00fcl yolundan \u00e7ekebilmekte. Psikanaliz dal\u0131nda duayen kabul edilen Neha Noyan, y\u0131llar \u00f6nce bir adamla yapt\u0131\u011f\u0131 yaz\u0131\u015fmalar\u0131, kendisine hayran ve r\u00f6portaj yapmak i\u00e7in can atan gen\u00e7 psikolog Altay\u2019\u0131n analiz etmesini ister. Bilim, edebiyat ve felsefe \u00e2\u015f\u0131\u011f\u0131 ayn\u0131 ruh hizas\u0131nda iki ki\u015finin satran\u00e7 tad\u0131ndaki yaz\u0131\u015fmalar\u0131, Altay\u2019\u0131 dostluk, a\u015fk, insani zay\u0131fl\u0131klar, ilahi \u00fcst\u00fcnl\u00fckler \u00fczerinden kendiyle ilgili b\u00fcy\u00fck \u00e7\u00f6z\u00fcmlemeler yapmaya te\u015fvik eder. T\u00fcm bu yaz\u0131\u015fmalar\u0131n sonunda ise Altay\u2019\u0131 hi\u00e7 ummad\u0131\u011f\u0131 b\u00fcy\u00fck bir s\u00fcrpriz beklemektedir. Deniz Ba\u015f\u0131b\u00fcy\u00fck, bu kitapta a\u015fk\u0131 anlat\u0131yor, fakat en s\u0131radan \u015fekilde ak\u0131llara gelen iki ki\u015fi aras\u0131ndaki a\u015fk\u0131 bir basamak olarak kullan\u0131p ilahi birli\u011fe varan b.a\u015fk.a t\u00fcrl\u00fc bir a\u015fk\u0131\u2026<\/p>\n","protected":false},"featured_media":1800,"comment_status":"closed","ping_status":"closed","template":"","meta":[],"product_brand":[],"product_cat":[412,413],"product_tag":[],"class_list":{"0":"post-2633","1":"product","2":"type-product","3":"status-publish","4":"has-post-thumbnail","6":"product_cat-kitap","7":"product_cat-tum-urunler","9":"first","10":"instock","11":"featured","12":"shipping-taxable","13":"purchasable","14":"product-type-simple"},"jetpack_sharing_enabled":true,"_links":{"self":[{"href":"https:\/\/denizbasibuyuk.com\/tr\/wp-json\/wp\/v2\/product\/2633","targetHints":{"allow":["GET"]}}],"collection":[{"href":"https:\/\/denizbasibuyuk.com\/tr\/wp-json\/wp\/v2\/product"}],"about":[{"href":"https:\/\/denizbasibuyuk.com\/tr\/wp-json\/wp\/v2\/types\/product"}],"replies":[{"embeddable":true,"href":"https:\/\/denizbasibuyuk.com\/tr\/wp-json\/wp\/v2\/comments?post=2633"}],"version-history":[{"count":2,"href":"https:\/\/denizbasibuyuk.com\/tr\/wp-json\/wp\/v2\/product\/2633\/revisions"}],"predecessor-version":[{"id":3555,"href":"https:\/\/denizbasibuyuk.com\/tr\/wp-json\/wp\/v2\/product\/2633\/revisions\/3555"}],"wp:featuredmedia":[{"embeddable":true,"href":"https:\/\/denizbasibuyuk.com\/tr\/wp-json\/wp\/v2\/media\/1800"}],"wp:attachment":[{"href":"https:\/\/denizbasibuyuk.com\/tr\/wp-json\/wp\/v2\/media?parent=2633"}],"wp:term":[{"taxonomy":"product_brand","embeddable":true,"href":"https:\/\/denizbasibuyuk.com\/tr\/wp-json\/wp\/v2\/product_brand?post=2633"},{"taxonomy":"product_cat","embeddable":true,"href":"https:\/\/denizbasibuyuk.com\/tr\/wp-json\/wp\/v2\/product_cat?post=2633"},{"taxonomy":"product_tag","embeddable":true,"href":"https:\/\/denizbasibuyuk.com\/tr\/wp-json\/wp\/v2\/product_tag?post=2633"}],"curies":[{"name":"wp","href":"https:\/\/api.w.org\/{rel}","templated":true}]}}