{"id":2631,"date":"2024-10-30T17:46:47","date_gmt":"2024-10-30T17:46:47","guid":{"rendered":"https:\/\/denizbasibuyuk.com\/tasmali-kanguru\/"},"modified":"2025-05-06T10:27:08","modified_gmt":"2025-05-06T10:27:08","slug":"tasmali-kanguru","status":"publish","type":"product","link":"https:\/\/denizbasibuyuk.com\/tr\/magaza\/kitap\/tasmali-kanguru\/","title":{"rendered":"Tasmal\u0131 Kanguru"},"content":{"rendered":"","protected":false},"excerpt":{"rendered":"<p>Ola\u011fan bir g\u00fcn\u00fcn mutlu ak\u0131\u015f\u0131nda tasmal\u0131 bir kanguru ile g\u00f6z g\u00f6ze gelseniz ne hissederdiniz? G\u00fczeller g\u00fczeli g\u00f6zleriyle sizi delip ge\u00e7erek bakan, \u00fczerinden annelik asaleti akan ve mutlulukla havalara z\u0131plamas\u0131 gerekirken tasma ile ba\u011fland\u0131\u011f\u0131 i\u00e7in \u015fa\u015fk\u0131n ama hala dimdik durabilen bir kanguru hayal edin. Tasmay\u0131 hi\u00e7bir hayvana yak\u0131\u015ft\u0131ramayan zihniniz isyan etmez miydi? Tasmal\u0131 Kanguru tam da bu ayk\u0131r\u0131l\u0131\u011f\u0131n ve beraberinde getirdi\u011fi ola\u011fand\u0131\u015f\u0131 ya\u015famlar\u0131n roman\u0131.<\/p>\n<p>Bir anl\u0131\u011f\u0131na hayalinizde Beyo\u011flu, Champes d&#8217;Elysee ya da Times Square gibi, her milletten, her k\u00fclt\u00fcrden, her ya\u015ftan insan\u0131n dola\u015ft\u0131\u011f\u0131 kalabal\u0131k bir soka\u011fa gitseniz, o sokaktaki herkese hitap edebilecektir Tasmal\u0131 Kanguru roman\u0131. Ya\u015fl\u0131 bir amcay\u0131, ya da t\u00fcm \u00f6mr\u00fcn\u00fc yanl\u0131\u015f bir evlilikle ge\u00e7irdi\u011fini d\u00fc\u015f\u00fcnen teyzeyi, modern ya\u015famlar\u0131n\u0131n i\u00e7inde ili\u015fkileri ile ilgili vitrini pozitif tutan fakat i\u00e7erden eksilen \u00e7iftleri, ailesiyle ya\u015fad\u0131\u011f\u0131 evden ayr\u0131l\u0131p evlenmeyi \u00f6zg\u00fcrl\u00fck olarak d\u00fc\u015f\u00fcnen bir genci, hayat\u0131nda bir yol g\u00f6sterici bulamay\u0131p bocalayan insan\u0131, do\u011frular\u0131n\u0131 bocalayanlarla payla\u015fmak isteyen insan\u0131 ve di\u011ferlerini Tasmal\u0131 Kanguru\u2019yu keyifle okumu\u015f olarak hayal edebilirsiniz.<\/p>\n<p>Deniz Ba\u015f\u0131b\u00fcy\u00fck bu roman\u0131nda da, ustal\u0131kla kulland\u0131\u011f\u0131 kalemiyle, okuru en az konu\u015fulan ama en yo\u011fun ya\u015fanan duygular\u0131n s\u0131n\u0131rlar\u0131nda gezdiriyor. Bu \u015fahane roman bir solukta okunacak ve siz okuyucular\u0131n ruhuna dokunacakt\u0131r.<\/p>\n","protected":false},"featured_media":1090,"comment_status":"closed","ping_status":"closed","template":"","meta":[],"product_brand":[],"product_cat":[412,413],"product_tag":[],"class_list":{"0":"post-2631","1":"product","2":"type-product","3":"status-publish","4":"has-post-thumbnail","6":"product_cat-kitap","7":"product_cat-tum-urunler","9":"first","10":"instock","11":"featured","12":"shipping-taxable","13":"purchasable","14":"product-type-simple"},"jetpack_sharing_enabled":true,"_links":{"self":[{"href":"https:\/\/denizbasibuyuk.com\/tr\/wp-json\/wp\/v2\/product\/2631","targetHints":{"allow":["GET"]}}],"collection":[{"href":"https:\/\/denizbasibuyuk.com\/tr\/wp-json\/wp\/v2\/product"}],"about":[{"href":"https:\/\/denizbasibuyuk.com\/tr\/wp-json\/wp\/v2\/types\/product"}],"replies":[{"embeddable":true,"href":"https:\/\/denizbasibuyuk.com\/tr\/wp-json\/wp\/v2\/comments?post=2631"}],"version-history":[{"count":1,"href":"https:\/\/denizbasibuyuk.com\/tr\/wp-json\/wp\/v2\/product\/2631\/revisions"}],"predecessor-version":[{"id":3536,"href":"https:\/\/denizbasibuyuk.com\/tr\/wp-json\/wp\/v2\/product\/2631\/revisions\/3536"}],"wp:featuredmedia":[{"embeddable":true,"href":"https:\/\/denizbasibuyuk.com\/tr\/wp-json\/wp\/v2\/media\/1090"}],"wp:attachment":[{"href":"https:\/\/denizbasibuyuk.com\/tr\/wp-json\/wp\/v2\/media?parent=2631"}],"wp:term":[{"taxonomy":"product_brand","embeddable":true,"href":"https:\/\/denizbasibuyuk.com\/tr\/wp-json\/wp\/v2\/product_brand?post=2631"},{"taxonomy":"product_cat","embeddable":true,"href":"https:\/\/denizbasibuyuk.com\/tr\/wp-json\/wp\/v2\/product_cat?post=2631"},{"taxonomy":"product_tag","embeddable":true,"href":"https:\/\/denizbasibuyuk.com\/tr\/wp-json\/wp\/v2\/product_tag?post=2631"}],"curies":[{"name":"wp","href":"https:\/\/api.w.org\/{rel}","templated":true}]}}