{"id":955,"date":"2019-08-06T16:42:07","date_gmt":"2019-08-06T16:42:07","guid":{"rendered":"https:\/\/denizbasibuyuk.com\/?page_id=955"},"modified":"2025-04-18T14:55:06","modified_gmt":"2025-04-18T14:55:06","slug":"hakkimda","status":"publish","type":"page","link":"https:\/\/denizbasibuyuk.com\/tr\/hakkimda\/","title":{"rendered":"Hakk\u0131mda"},"content":{"rendered":"\t\t<div data-elementor-type=\"wp-page\" data-elementor-id=\"955\" class=\"elementor elementor-955 elementor-235\" data-elementor-post-type=\"page\">\n\t\t\t\t<div class=\"elementor-element elementor-element-2aac400 e-flex e-con-boxed e-con e-parent\" data-id=\"2aac400\" data-element_type=\"container\" data-e-type=\"container\">\n\t\t\t\t\t<div class=\"e-con-inner\">\n\t\t\t\t<div class=\"elementor-element elementor-element-bad8799 elementor-widget-divider--view-line elementor-widget elementor-widget-divider\" data-id=\"bad8799\" data-element_type=\"widget\" data-e-type=\"widget\" data-widget_type=\"divider.default\">\n\t\t\t\t<div class=\"elementor-widget-container\">\n\t\t\t\t\t\t\t<div class=\"elementor-divider\">\n\t\t\t<span class=\"elementor-divider-separator\">\n\t\t\t\t\t\t<\/span>\n\t\t<\/div>\n\t\t\t\t\t\t<\/div>\n\t\t\t\t<\/div>\n\t\t\t\t<div class=\"elementor-element elementor-element-1b7b97f elementor-widget elementor-widget-text-editor\" data-id=\"1b7b97f\" data-element_type=\"widget\" data-e-type=\"widget\" data-widget_type=\"text-editor.default\">\n\t\t\t\t<div class=\"elementor-widget-container\">\n\t\t\t\t\t\t\t\t\t<p>\u0130lk roman\u0131 2011 y\u0131l\u0131nda okurla bulu\u015fan Deniz\u2019in Tasmal\u0131 Kanguru, B.A\u015eK.A, Liderlik Felsefesine Deniz Tuzu, Nebahat ve Kanada\u2019da yay\u0131nlanm\u0131\u015f \u201cThe Sixth Hero\u201d isimli eserleri bulunmaktad\u0131r. Kitaplar d\u0131\u015f\u0131nda gerek edebiyat d\u0131\u015f\u0131ndaki profesyonel kariyeri olan y\u00f6netim dan\u0131\u015fmanl\u0131\u011f\u0131 alan\u0131nda gerekse sosyal konularda gazete, dergi, dijital ve akademik mecralarda yay\u0131nlanm\u0131\u015f bine yak\u0131n makalesi bulunmaktad\u0131r. 2010 y\u0131l\u0131nda Toronto Kanada\u2019da ki k\u0131sa \u00f6yk\u00fc yar\u0131\u015fmas\u0131nda mansiyon \u00f6d\u00fcl\u00fc alm\u0131\u015f ve \u00f6yk\u00fcy\u00fc Toronto Ankara Kitapl\u0131\u011f\u0131 kolektif bir kitab\u0131n i\u00e7inde yay\u0131mlam\u0131\u015ft\u0131r.<\/p>\t\t\t\t\t\t\t\t<\/div>\n\t\t\t\t<\/div>\n\t\t\t\t\t<\/div>\n\t\t\t\t<\/div>\n\t\t<div class=\"elementor-element elementor-element-62eb872 e-flex e-con-boxed e-con e-parent\" data-id=\"62eb872\" data-element_type=\"container\" data-e-type=\"container\">\n\t\t\t\t\t<div class=\"e-con-inner\">\n\t\t<div class=\"elementor-element elementor-element-c7816a9 e-con-full e-flex e-con e-child\" data-id=\"c7816a9\" data-element_type=\"container\" data-e-type=\"container\">\n\t\t\t\t<\/div>\n\t\t<div class=\"elementor-element elementor-element-fca91cb e-con-full e-flex e-con e-child\" data-id=\"fca91cb\" data-element_type=\"container\" data-e-type=\"container\">\n\t\t\t\t<div class=\"elementor-element elementor-element-9c169d4 elementor-widget elementor-widget-image\" data-id=\"9c169d4\" data-element_type=\"widget\" data-e-type=\"widget\" data-widget_type=\"image.default\">\n\t\t\t\t<div class=\"elementor-widget-container\">\n\t\t\t\t\t\t\t\t\t\t\t\t\t\t\t<img fetchpriority=\"high\" decoding=\"async\" width=\"768\" height=\"1024\" src=\"https:\/\/denizbasibuyuk.com\/wp-content\/uploads\/2020\/03\/About-Autho-Deniz-Basibuyuk-3-768x1024.jpg\" class=\"attachment-large size-large wp-image-2788\" alt=\"\" srcset=\"https:\/\/denizbasibuyuk.com\/wp-content\/uploads\/2020\/03\/About-Autho-Deniz-Basibuyuk-3-768x1024.jpg 768w, https:\/\/denizbasibuyuk.com\/wp-content\/uploads\/2020\/03\/About-Autho-Deniz-Basibuyuk-3-scaled-340x453.jpg 340w, https:\/\/denizbasibuyuk.com\/wp-content\/uploads\/2020\/03\/About-Autho-Deniz-Basibuyuk-3-scaled-650x867.jpg 650w, https:\/\/denizbasibuyuk.com\/wp-content\/uploads\/2020\/03\/About-Autho-Deniz-Basibuyuk-3-225x300.jpg 225w, https:\/\/denizbasibuyuk.com\/wp-content\/uploads\/2020\/03\/About-Autho-Deniz-Basibuyuk-3-1152x1536.jpg 1152w, https:\/\/denizbasibuyuk.com\/wp-content\/uploads\/2020\/03\/About-Autho-Deniz-Basibuyuk-3-1536x2048.jpg 1536w, https:\/\/denizbasibuyuk.com\/wp-content\/uploads\/2020\/03\/About-Autho-Deniz-Basibuyuk-3-scaled.jpg 1920w\" sizes=\"(max-width: 768px) 100vw, 768px\" \/>\t\t\t\t\t\t\t\t\t\t\t\t\t\t\t<\/div>\n\t\t\t\t<\/div>\n\t\t\t\t<\/div>\n\t\t<div class=\"elementor-element elementor-element-717cd62 e-con-full e-flex e-con e-child\" data-id=\"717cd62\" data-element_type=\"container\" data-e-type=\"container\">\n\t\t\t\t<\/div>\n\t\t<div class=\"elementor-element elementor-element-4d29074 e-con-full e-flex e-con e-child\" data-id=\"4d29074\" data-element_type=\"container\" data-e-type=\"container\">\n\t\t\t\t<div class=\"elementor-element elementor-element-21ef243 elementor-widget elementor-widget-image\" data-id=\"21ef243\" data-element_type=\"widget\" data-e-type=\"widget\" data-widget_type=\"image.default\">\n\t\t\t\t<div class=\"elementor-widget-container\">\n\t\t\t\t\t\t\t\t\t\t\t\t\t\t\t<img decoding=\"async\" width=\"768\" height=\"1024\" src=\"https:\/\/denizbasibuyuk.com\/wp-content\/uploads\/2020\/03\/About-Deniz-Basibuyuk-1-768x1024.jpg\" class=\"attachment-large size-large wp-image-2790\" alt=\"\" srcset=\"https:\/\/denizbasibuyuk.com\/wp-content\/uploads\/2020\/03\/About-Deniz-Basibuyuk-1-768x1024.jpg 768w, https:\/\/denizbasibuyuk.com\/wp-content\/uploads\/2020\/03\/About-Deniz-Basibuyuk-1-scaled-340x453.jpg 340w, https:\/\/denizbasibuyuk.com\/wp-content\/uploads\/2020\/03\/About-Deniz-Basibuyuk-1-scaled-650x867.jpg 650w, https:\/\/denizbasibuyuk.com\/wp-content\/uploads\/2020\/03\/About-Deniz-Basibuyuk-1-225x300.jpg 225w, https:\/\/denizbasibuyuk.com\/wp-content\/uploads\/2020\/03\/About-Deniz-Basibuyuk-1-1152x1536.jpg 1152w, https:\/\/denizbasibuyuk.com\/wp-content\/uploads\/2020\/03\/About-Deniz-Basibuyuk-1-1536x2048.jpg 1536w, https:\/\/denizbasibuyuk.com\/wp-content\/uploads\/2020\/03\/About-Deniz-Basibuyuk-1-scaled.jpg 1920w\" sizes=\"(max-width: 768px) 100vw, 768px\" \/>\t\t\t\t\t\t\t\t\t\t\t\t\t\t\t<\/div>\n\t\t\t\t<\/div>\n\t\t\t\t<\/div>\n\t\t<div class=\"elementor-element elementor-element-459e645 e-con-full e-flex e-con e-child\" data-id=\"459e645\" data-element_type=\"container\" data-e-type=\"container\">\n\t\t\t\t<div class=\"elementor-element elementor-element-13d374e elementor-widget elementor-widget-image\" data-id=\"13d374e\" data-element_type=\"widget\" data-e-type=\"widget\" data-widget_type=\"image.default\">\n\t\t\t\t<div class=\"elementor-widget-container\">\n\t\t\t\t\t\t\t\t\t\t\t\t\t\t\t<img decoding=\"async\" width=\"768\" height=\"1024\" src=\"https:\/\/denizbasibuyuk.com\/wp-content\/uploads\/2020\/03\/About-Autho-Deniz-Basibuyuk-2-768x1024.jpg\" class=\"attachment-large size-large wp-image-2787\" alt=\"\" srcset=\"https:\/\/denizbasibuyuk.com\/wp-content\/uploads\/2020\/03\/About-Autho-Deniz-Basibuyuk-2-768x1024.jpg 768w, https:\/\/denizbasibuyuk.com\/wp-content\/uploads\/2020\/03\/About-Autho-Deniz-Basibuyuk-2-340x453.jpg 340w, https:\/\/denizbasibuyuk.com\/wp-content\/uploads\/2020\/03\/About-Autho-Deniz-Basibuyuk-2-650x867.jpg 650w, https:\/\/denizbasibuyuk.com\/wp-content\/uploads\/2020\/03\/About-Autho-Deniz-Basibuyuk-2-225x300.jpg 225w, https:\/\/denizbasibuyuk.com\/wp-content\/uploads\/2020\/03\/About-Autho-Deniz-Basibuyuk-2-1152x1536.jpg 1152w, https:\/\/denizbasibuyuk.com\/wp-content\/uploads\/2020\/03\/About-Autho-Deniz-Basibuyuk-2.jpg 1500w\" sizes=\"(max-width: 768px) 100vw, 768px\" \/>\t\t\t\t\t\t\t\t\t\t\t\t\t\t\t<\/div>\n\t\t\t\t<\/div>\n\t\t\t\t<\/div>\n\t\t<div class=\"elementor-element elementor-element-d27ec50 e-con-full e-flex e-con e-child\" data-id=\"d27ec50\" data-element_type=\"container\" data-e-type=\"container\">\n\t\t\t\t<div class=\"elementor-element elementor-element-a54b70c elementor-widget elementor-widget-image\" data-id=\"a54b70c\" data-element_type=\"widget\" data-e-type=\"widget\" data-widget_type=\"image.default\">\n\t\t\t\t<div class=\"elementor-widget-container\">\n\t\t\t\t\t\t\t\t\t\t\t\t\t\t\t<img loading=\"lazy\" decoding=\"async\" width=\"600\" height=\"800\" src=\"https:\/\/denizbasibuyuk.com\/wp-content\/uploads\/2020\/03\/About-Autho-Deniz-Basibuyuk-1.jpg\" class=\"attachment-large size-large wp-image-2786\" alt=\"\" srcset=\"https:\/\/denizbasibuyuk.com\/wp-content\/uploads\/2020\/03\/About-Autho-Deniz-Basibuyuk-1.jpg 600w, https:\/\/denizbasibuyuk.com\/wp-content\/uploads\/2020\/03\/About-Autho-Deniz-Basibuyuk-1-340x453.jpg 340w, https:\/\/denizbasibuyuk.com\/wp-content\/uploads\/2020\/03\/About-Autho-Deniz-Basibuyuk-1-225x300.jpg 225w\" sizes=\"(max-width: 600px) 100vw, 600px\" \/>\t\t\t\t\t\t\t\t\t\t\t\t\t\t\t<\/div>\n\t\t\t\t<\/div>\n\t\t\t\t<\/div>\n\t\t\t\t\t<\/div>\n\t\t\t\t<\/div>\n\t\t<div class=\"elementor-element elementor-element-08d9f60 e-flex e-con-boxed e-con e-parent\" data-id=\"08d9f60\" data-element_type=\"container\" data-e-type=\"container\">\n\t\t\t\t\t<div class=\"e-con-inner\">\n\t\t\t\t<div class=\"elementor-element elementor-element-815e9e4 elementor-widget elementor-widget-text-editor\" data-id=\"815e9e4\" data-element_type=\"widget\" data-e-type=\"widget\" data-widget_type=\"text-editor.default\">\n\t\t\t\t<div class=\"elementor-widget-container\">\n\t\t\t\t\t\t\t\t\t<p>Dan\u0131\u015fman kimli\u011fiyle b\u00fcy\u00fck bir sekt\u00f6rel yelpazede, ulusal ve uluslararas\u0131 kimlikli \u00e7ok say\u0131da kurulu\u015fa hem T\u00fcrkiye hem Kanada da, stratejik kadro ara\u015ft\u0131rmalar\u0131, y\u00f6netim ve strateji geli\u015ftirme, liderlik uygulamalar\u0131, yap\u0131sal de\u011ferlendirme ve yeniden yap\u0131land\u0131rma, istihdam dan\u0131\u015fmanl\u0131\u011f\u0131 ve e\u011fitim ba\u015fl\u0131klar\u0131nda hizmet vermi\u015ftir. Sadece ekonomik de\u011fil, sosyoloji ve \u00e7evre bilinci i\u00e7eren bir dan\u0131\u015fmanl\u0131k anlay\u0131\u015f\u0131yla s\u00fcre\u00e7lerin y\u00f6netilmesine \u00f6nem vermektedir. Dan\u0131\u015fmanl\u0131k kariyeri 1991 y\u0131l\u0131nda Ankara Business Center\u2019da ba\u015flam\u0131\u015f ve o tarihten bu yana 1993 y\u0131l\u0131nda kurucusu oldu\u011fu, Capella &amp; Auriga Y\u00f6netim Dan\u0131\u015fmanl\u0131\u011f\u0131 ile devam etmi\u015ftir.<\/p><p>Bir\u00e7ok kurumsal e\u011fitim haz\u0131rlam\u0131\u015f olan Ba\u015f\u0131b\u00fcy\u00fck, bu e\u011fitimleri profesyonel kurumsal m\u00fc\u015fterilerine oldu\u011fu gibi, kar amac\u0131 g\u00fctmeyen organizasyonlara da g\u00f6n\u00fcll\u00fc olarak sunmu\u015ftur. On y\u0131l boyunca d\u00fczenli olarak g\u00f6n\u00fcll\u00fc e\u011fitim ve workshoplar haz\u0131rlad\u0131\u011f\u0131 Kanada Famous 5, Save the Children, Hayata Destek Derne\u011fi f\u0131rsat azl\u0131\u011f\u0131 olan gen\u00e7ler i\u00e7in \u00e7al\u0131\u015fma yapt\u0131\u011f\u0131 kanallardan baz\u0131lar\u0131d\u0131r. Bunun d\u0131\u015f\u0131nda e\u011fitim ve sunular verdi\u011fi kar amac\u0131 g\u00fctmeyen organizasyonlar ve kurumlar i\u00e7inde, YES, (Europe Young Businesmen Confederation), TUGIAD, Jaycees, \u00c7e\u015fitli \u00fcniversiteler, Kitap fuarlar\u0131, edebiyat organizasyonlar\u0131, ve di\u011ferleri bulunmaktad\u0131r.<\/p><p>2017 y\u0131l\u0131nda Calgary \u00dcniversitesinin Development Studies b\u00f6l\u00fcm\u00fcnden mezun olan Ba\u015f\u0131b\u00fcy\u00fck Sosyal, Ekonomik ve Politik de\u011fi\u015fimle ilgili olan bu programda, yoksulluk, a\u00e7l\u0131k, \u00e7evre, toplum geli\u015fimi, s\u00fcrd\u00fcr\u00fclebilir ve kat\u0131l\u0131mc\u0131 geli\u015fim \u00e7al\u0131\u015fmalar\u0131, s\u00f6m\u00fcrgecilik, antropoloji, insan haklar\u0131, sosyal adalet, cinsiyet e\u015fitsizlikleri \u00fczerine \u00e7al\u0131\u015fm\u0131\u015ft\u0131r. Bu e\u011fitim \u00f6ncesi 1991 y\u0131l\u0131nda Bilkent \u00dcniversitesinden mezun olmu\u015ftur. Bir \u00e7ocuk annesi, T\u00fcrk Kanada vatanda\u015f\u0131 Deniz ana dili olan T\u00fcrk\u00e7enin yan\u0131s\u0131ra ak\u0131c\u0131 \u0130ngilizce ve iyi d\u00fczeyde Frans\u0131zca bilgisine sahiptir. Yazarl\u0131k kariyeri d\u0131\u015f\u0131nda sanat\u0131n her alan\u0131n\u0131 tutkuyla takip eden Ba\u015f\u0131b\u00fcy\u00fck amat\u00f6r olarak bale foto\u011fraf\u00e7\u0131l\u0131\u011f\u0131 yap\u0131yor ve yay\u0131nl\u0131yor. Yazar, dalg\u0131\u00e7l\u0131k, yelken, lisansl\u0131 basketbol oyunculu\u011fu, snowboard d\u0131\u015f\u0131nda da sporun her alan\u0131n\u0131 ve do\u011fa ortam\u0131n\u0131 bir ya\u015fam tarz\u0131 olarak kabul etmektedir.<\/p>\t\t\t\t\t\t\t\t<\/div>\n\t\t\t\t<\/div>\n\t\t\t\t\t<\/div>\n\t\t\t\t<\/div>\n\t\t\t\t<\/div>\n\t\t","protected":false},"excerpt":{"rendered":"<p>\u0130lk roman\u0131 2011 y\u0131l\u0131nda okurla bulu\u015fan Deniz\u2019in Tasmal\u0131 Kanguru, B.A\u015eK.A, Liderlik Felsefesine Deniz Tuzu, Nebahat ve Kanada\u2019da yay\u0131nlanm\u0131\u015f \u201cThe Sixth Hero\u201d isimli eserleri bulunmaktad\u0131r. Kitaplar d\u0131\u015f\u0131nda gerek edebiyat d\u0131\u015f\u0131ndaki profesyonel kariyeri olan y\u00f6netim dan\u0131\u015fmanl\u0131\u011f\u0131 alan\u0131nda gerekse sosyal konularda gazete, dergi, dijital ve akademik mecralarda yay\u0131nlanm\u0131\u015f bine yak\u0131n makalesi bulunmaktad\u0131r. 2010 y\u0131l\u0131nda Toronto Kanada\u2019da ki k\u0131sa [&hellip;]<\/p>\n","protected":false},"author":1,"featured_media":0,"parent":0,"menu_order":0,"comment_status":"closed","ping_status":"closed","template":"","meta":{"footnotes":""},"class_list":["post-955","page","type-page","status-publish","hentry"],"jetpack_sharing_enabled":true,"_links":{"self":[{"href":"https:\/\/denizbasibuyuk.com\/tr\/wp-json\/wp\/v2\/pages\/955","targetHints":{"allow":["GET"]}}],"collection":[{"href":"https:\/\/denizbasibuyuk.com\/tr\/wp-json\/wp\/v2\/pages"}],"about":[{"href":"https:\/\/denizbasibuyuk.com\/tr\/wp-json\/wp\/v2\/types\/page"}],"author":[{"embeddable":true,"href":"https:\/\/denizbasibuyuk.com\/tr\/wp-json\/wp\/v2\/users\/1"}],"replies":[{"embeddable":true,"href":"https:\/\/denizbasibuyuk.com\/tr\/wp-json\/wp\/v2\/comments?post=955"}],"version-history":[{"count":3,"href":"https:\/\/denizbasibuyuk.com\/tr\/wp-json\/wp\/v2\/pages\/955\/revisions"}],"predecessor-version":[{"id":3188,"href":"https:\/\/denizbasibuyuk.com\/tr\/wp-json\/wp\/v2\/pages\/955\/revisions\/3188"}],"wp:attachment":[{"href":"https:\/\/denizbasibuyuk.com\/tr\/wp-json\/wp\/v2\/media?parent=955"}],"curies":[{"name":"wp","href":"https:\/\/api.w.org\/{rel}","templated":true}]}}