{"id":2816,"date":"2025-03-27T23:06:37","date_gmt":"2025-03-27T23:06:37","guid":{"rendered":"https:\/\/denizbasibuyuk.com\/sozlesme\/"},"modified":"2025-04-14T19:27:12","modified_gmt":"2025-04-14T19:27:12","slug":"mesafeli-satis-sozlesmesi","status":"publish","type":"page","link":"https:\/\/denizbasibuyuk.com\/tr\/mesafeli-satis-sozlesmesi\/","title":{"rendered":"Mesafeli Sat\u0131\u015f S\u00f6zle\u015fmesi"},"content":{"rendered":"\t\t<div data-elementor-type=\"wp-page\" data-elementor-id=\"2816\" class=\"elementor elementor-2816 elementor-2772\" data-elementor-post-type=\"page\">\n\t\t\t\t<div class=\"elementor-element elementor-element-ef80227 e-flex e-con-boxed e-con e-parent\" data-id=\"ef80227\" data-element_type=\"container\" data-e-type=\"container\">\n\t\t\t\t\t<div class=\"e-con-inner\">\n\t\t\t\t<div class=\"elementor-element elementor-element-c94628a elementor-widget elementor-widget-text-editor\" data-id=\"c94628a\" data-element_type=\"widget\" data-e-type=\"widget\" data-widget_type=\"text-editor.default\">\n\t\t\t\t<div class=\"elementor-widget-container\">\n\t\t\t\t\t\t\t\t\t<h1><strong>Mesafeli Sat\u0131\u015f S\u00f6zle\u015fmesi <\/strong><\/h1><ol><li><strong> TARAFLAR<\/strong><\/li><\/ol><p>\u0130\u015fbu S\u00f6zle\u015fme a\u015fa\u011f\u0131daki taraflar aras\u0131nda a\u015fa\u011f\u0131da belirtilen h\u00fck\u00fcm ve \u015fartlar \u00e7er\u00e7evesinde imzalanm\u0131\u015ft\u0131r.<\/p><p><strong>ALICI:<\/strong><\/p><p>AD-SOYAD:<br \/>ADRES:<\/p><p><strong>SATICI:<\/strong><\/p><p>AD-SOYAD: C ve A Y\u00f6netim Dan\u0131\u015fmanl\u0131k E\u011fitim Yay\u0131n Turizm Nakliyet Bilgisayar Tic. Ltd. \u015eti.<br \/>ADRES:Cumhuriyet Mahallesi Hac\u0131osman Bay\u0131r\u0131 No:19 Sar\u0131yer \u0130stanbul<\/p><p>Telefon: +90 212 227 7545<\/p><p>\u0130\u015f bu s\u00f6zle\u015fmeyi kabul etmekle ALICI, s\u00f6zle\u015fme konusu sipari\u015fi onaylad\u0131\u011f\u0131 takdirde sipari\u015f konusu bedeli ve varsa kargo \u00fccreti, vergi gibi belirtilen ek \u00fccretleri \u00f6deme y\u00fck\u00fcml\u00fcl\u00fc\u011f\u00fc alt\u0131na girece\u011fini ve bu konuda bilgilendirildi\u011fini pe\u015finen kabul eder.<\/p><ol start=\"2\"><li><strong> TANIMLAR<\/strong><\/li><\/ol><p>\u0130\u015fbu s\u00f6zle\u015fmenin uygulanmas\u0131nda ve yorumlanmas\u0131nda a\u015fa\u011f\u0131da yaz\u0131l\u0131 terimler kar\u015f\u0131lar\u0131ndaki yaz\u0131l\u0131 a\u00e7\u0131klamalar\u0131 ifade edeceklerdir.<\/p><ul><li><strong>BAKAN:<\/strong>\u00a0G\u00fcmr\u00fck ve Ticaret Bakan\u0131\u2019n\u0131,<\/li><li><strong>BAKANLIK:<\/strong>\u00a0G\u00fcmr\u00fck ve Ticaret Bakanl\u0131\u011f\u0131\u2019n\u0131,<\/li><li><strong>KANUN:<\/strong>\u00a06502 say\u0131l\u0131 T\u00fcketicinin Korunmas\u0131 Hakk\u0131nda Kanun\u2019u,<\/li><li><strong>Y\u00d6NETMEL\u0130K:<\/strong>\u00a0Mesafeli S\u00f6zle\u015fmeler Y\u00f6netmeli\u011fi\u2019ni,<\/li><li><strong>H\u0130ZMET:<\/strong>\u00a0Bir \u00fccret veya menfaat kar\u015f\u0131l\u0131\u011f\u0131nda yap\u0131lan ya da yap\u0131lmas\u0131 taahh\u00fct edilen mal sa\u011flama d\u0131\u015f\u0131ndaki her t\u00fcrl\u00fc t\u00fcketici i\u015flemini,<\/li><li><strong>SATICI:<\/strong>\u00a0Ticari veya mesleki faaliyetleri kapsam\u0131nda t\u00fcketiciye mal sunan veya mal sunan ad\u0131na veya hesab\u0131na hareket eden \u015firketi,<\/li><li><strong>ALICI:<\/strong>\u00a0Bir mal veya hizmeti ticari veya mesleki olmayan ama\u00e7larla edinen, kullanan veya yararlanan ger\u00e7ek ya da t\u00fczel ki\u015fiyi,<\/li><li><strong>S\u0130TE:<\/strong>\u00a0SATICI\u2019ya ait internet sitesini,<\/li><li><strong>S\u0130PAR\u0130\u015e VEREN:<\/strong>\u00a0Bir mal veya hizmeti SATICI\u2019ya ait internet sitesi \u00fczerinden talep eden ger\u00e7ek ya da t\u00fczel ki\u015fiyi,<\/li><li><strong>TARAFLAR:<\/strong>\u00a0SATICI ve ALICI\u2019y\u0131,<\/li><li><strong>S\u00d6ZLE\u015eME:<\/strong>\u00a0SATICI ve ALICI aras\u0131nda akdedilen i\u015fbu s\u00f6zle\u015fmeyi,<\/li><li><strong>MAL:<\/strong>\u00a0Al\u0131\u015fveri\u015fe konu olan ta\u015f\u0131n\u0131r e\u015fyay\u0131 ve elektronik ortamda kullan\u0131lmak \u00fczere haz\u0131rlanan yaz\u0131l\u0131m, ses, g\u00f6r\u00fcnt\u00fc ve benzeri gayri maddi mallar\u0131,<\/li><\/ul><ol start=\"3\"><li><strong> KONU<\/strong><\/li><\/ol><p>\u0130\u015fbu S\u00f6zle\u015fme, ALICI\u2019n\u0131n, SATICI\u2019ya ait internet sitesi \u00fczerinden elektronik ortamda sipari\u015fini verdi\u011fi a\u015fa\u011f\u0131da nitelikleri ve sat\u0131\u015f fiyat\u0131 belirtilen \u00fcr\u00fcn\u00fcn sat\u0131\u015f\u0131 ve teslimi ile ilgili olarak 6502 say\u0131l\u0131 T\u00fcketicinin Korunmas\u0131 Hakk\u0131nda Kanun ve Mesafeli S\u00f6zle\u015fmelere Dair Y\u00f6netmelik h\u00fck\u00fcmleri gere\u011fince taraflar\u0131n hak ve y\u00fck\u00fcml\u00fcl\u00fcklerini d\u00fczenler.<\/p><p>Listelenen ve sitede ilan edilen fiyatlar sat\u0131\u015f fiyat\u0131d\u0131r. \u0130lan edilen fiyatlar ve vaatler g\u00fcncelleme yap\u0131lana ve de\u011fi\u015ftirilene kadar ge\u00e7erlidir. S\u00fcreli olarak ilan edilen fiyatlar ise belirtilen s\u00fcre sonuna kadar ge\u00e7erlidir.<\/p><ol start=\"4\"><li><strong> SATICI B\u0130LG\u0130LER\u0130<\/strong><\/li><\/ol><p>\u00dcnvan\u0131:<\/p><p>C ve A Y\u00f6netim Dan\u0131\u015fmanl\u0131\u0131E\u011fitim Yay\u0131n Turizm Nakliyet Bilgisayar Tic. Ltd. \u015eti.<br \/>ADRES:Cumhuriyet Mahallesi Hac\u0131osman Bay\u0131r\u0131 No:19 Sar\u0131yer \u0130stanbul<br \/>Telefon:212-2277545<br \/>Eposta:info@capella.com.tr<\/p><ol start=\"5\"><li><strong> ALICI B\u0130LG\u0130LER\u0130<\/strong><\/li><\/ol><p>Teslim edilecek ki\u015fi:<br \/>Teslimat Adresi:<br \/>Telefon:<br \/>Eposta\/kullan\u0131c\u0131 ad\u0131:<\/p><ol start=\"6\"><li><strong> S\u0130PAR\u0130\u015e VEREN K\u0130\u015e\u0130 B\u0130LG\u0130LER\u0130<\/strong><\/li><\/ol><p>Ad\/Soyad\/Unvan:<br \/>Adres:<br \/>Telefon:<br \/>Eposta\/kullan\u0131c\u0131 ad\u0131:<\/p><ol start=\"7\"><li><strong> S\u00d6ZLE\u015eME KONUSU \u00dcR\u00dcN\/\u00dcR\u00dcNLER B\u0130LG\u0130LER\u0130<\/strong><\/li><li>Mal\u0131n\/\u00dcr\u00fcn\/\u00dcr\u00fcnlerin\/Hizmetin temel \u00f6zelliklerini (t\u00fcr\u00fc, miktar\u0131, marka\/modeli, rengi, adedi) SATICI\u2019ya ait internet sitesinde yay\u0131nlanmaktad\u0131r. Sat\u0131c\u0131 taraf\u0131ndan kampanya d\u00fczenlenmi\u015f ise ilgili \u00fcr\u00fcn\u00fcn temel \u00f6zelliklerini kampanya s\u00fcresince inceleyebilirsiniz. Kampanya tarihine kadar ge\u00e7erlidir.<\/li><\/ol><p><strong>7.2. Fiyatlar<\/strong><\/p><p>Listelenen ve sitede ilan edilen fiyatlar sat\u0131\u015f fiyat\u0131d\u0131r. \u0130lan edilen fiyatlar ve vaatler g\u00fcncelleme yap\u0131lana ve de\u011fi\u015ftirilene kadar ge\u00e7erlidir. S\u00fcreli olarak ilan edilen fiyatlar ise belirtilen s\u00fcre sonuna kadar ge\u00e7erlidir.<\/p><p><strong>7.3. Vergiler ve \u00d6demeler<\/strong><\/p><p>S\u00f6zle\u015fme konusu mal ya da hizmetin t\u00fcm vergiler d\u00e2hil sat\u0131\u015f fiyat\u0131 ve kargo \u00fccreti sepetinizde g\u00f6sterilecektir.<\/p><ol start=\"8\"><li><strong> FATURA B\u0130LG\u0130LER\u0130<\/strong><\/li><\/ol><p>Ad\/Soyad\/Unvan:<br \/>Adres:<br \/>Telefon:<br \/>Eposta\/kullan\u0131c\u0131 ad\u0131:<br \/>Fatura teslim: Fatura sipari\u015f teslimat\u0131 s\u0131ras\u0131nda fatura adresine sipari\u015f ile birlikte teslim edilecektir.<\/p><ol start=\"9\"><li><strong> GENEL H\u00dcK\u00dcMLER<\/strong><\/li><\/ol><p><strong>9.1. Bilgilendirme ve Kabul<\/strong><\/p><p>ALICI, SATICI\u2019ya ait internet sitesinde s\u00f6zle\u015fme konusu \u00fcr\u00fcn\u00fcn temel nitelikleri, sat\u0131\u015f fiyat\u0131 ve \u00f6deme \u015fekli ile teslimata ili\u015fkin \u00f6n bilgileri okuyup, bilgi sahibi oldu\u011funu, elektronik ortamda gerekli teyidi verdi\u011fini kabul, beyan ve taahh\u00fct eder.<\/p><p><strong>9.2. Teslim S\u00fcresi<\/strong><\/p><p>S\u00f6zle\u015fme konusu her bir \u00fcr\u00fcn, 30 g\u00fcnl\u00fck yasal s\u00fcreyi a\u015fmamak kayd\u0131 ile ALICI\u2019n\u0131n yerle\u015fim yeri uzakl\u0131\u011f\u0131na ba\u011fl\u0131 olarak internet sitesindeki \u00f6n bilgiler k\u0131sm\u0131nda belirtilen s\u00fcre zarf\u0131nda teslim edilir.<\/p><ol start=\"10\"><li><strong> CAYMA HAKKI<\/strong><\/li><\/ol><p>ALICI, mesafeli s\u00f6zle\u015fmenin mal sat\u0131\u015f\u0131na ili\u015fkin olmas\u0131 durumunda, \u00fcr\u00fcn\u00fcn kendisine veya g\u00f6sterdi\u011fi adresteki ki\u015fi\/kurulu\u015fa teslim tarihinden itibaren 14 g\u00fcn i\u00e7erisinde, SATICI\u2019ya bildirmek \u015fart\u0131yla hi\u00e7bir gerek\u00e7e g\u00f6stermeksizin mal\u0131 reddederek s\u00f6zle\u015fmeden cayma hakk\u0131n\u0131 kullanabilir.ALICI\u2019n\u0131n bu haktan faydalanabilmesi i\u00e7in paketin hi\u00e7 a\u00e7\u0131lmam\u0131\u015f olmas\u0131 kitapta tek bir sayfa bile katlanmam\u0131\u015f, a\u00e7\u0131lmam\u0131\u015f, okunmam\u0131\u015f olmas\u0131 gerekmektedir.<\/p><ol start=\"11\"><li><strong> TEMERR\u00dcT HAL\u0130 VE HUKUK\u0130 SONU\u00c7LARI<\/strong><\/li><\/ol><p>ALICI, \u00f6deme i\u015flemlerini kredi kart\u0131 ile yapt\u0131\u011f\u0131 durumda temerr\u00fcde d\u00fc\u015ft\u00fc\u011f\u00fc takdirde, kart sahibi banka ile aras\u0131ndaki kredi kart\u0131 s\u00f6zle\u015fmesi \u00e7er\u00e7evesinde faiz \u00f6deyece\u011fini ve bankaya kar\u015f\u0131 sorumlu olaca\u011f\u0131n\u0131 kabul, beyan ve taahh\u00fct eder.<\/p><ol start=\"12\"><li><strong> YETK\u0130L\u0130 MAHKEME<\/strong><\/li><\/ol><p>\u0130\u015fbu s\u00f6zle\u015fmeden do\u011fan uyu\u015fmazl\u0131klarda \u015fikayet ve itirazlar, t\u00fcketicinin yerle\u015fim yerinin bulundu\u011fu veya t\u00fcketici i\u015fleminin yap\u0131ld\u0131\u011f\u0131 yerdeki t\u00fcketici sorunlar\u0131 hakem heyetine veya t\u00fcketici mahkemesine yap\u0131lacakt\u0131r.<\/p><ol start=\"13\"><li><strong> Y\u00dcR\u00dcRL\u00dcK<\/strong><\/li><\/ol><p>ALICI, Site \u00fczerinden verdi\u011fi sipari\u015fe ait \u00f6demeyi ger\u00e7ekle\u015ftirdi\u011finde i\u015fbu s\u00f6zle\u015fmenin t\u00fcm \u015fartlar\u0131n\u0131 kabul etmi\u015f say\u0131l\u0131r.<\/p><p><strong>\u00a0<\/strong><\/p><h1><strong>\u0130ptal ve \u0130ade Ko\u015fullar\u0131<\/strong><\/h1><p><strong>T\u00dcKET\u0130C\u0130 HAKLARI \u2013 CAYMA \u2013 \u0130PTAL \u0130ADE KO\u015eULLARI<\/strong><\/p><p><strong>GENEL:<\/strong><\/p><ol><li>Kullanmakta oldu\u011funuz web sitesi \u00fczerinden elektronik ortamda sipari\u015f verdi\u011finiz takdirde, size sunulan \u00f6n bilgilendirme formunu ve mesafeli sat\u0131\u015f s\u00f6zle\u015fmesini kabul etmi\u015f say\u0131l\u0131rs\u0131n\u0131z.<\/li><li>Al\u0131c\u0131lar, sat\u0131n ald\u0131klar\u0131 \u00fcr\u00fcn\u00fcn sat\u0131\u015f ve teslimi ile ilgili olarak 6502 say\u0131l\u0131 T\u00fcketicinin Korunmas\u0131 Hakk\u0131nda Kanun ve Mesafeli S\u00f6zle\u015fmeler Y\u00f6netmeli\u011fi (RG:27.11.2014\/29188) h\u00fck\u00fcmleri ile y\u00fcr\u00fcrl\u00fckteki di\u011fer yasalara tabidir.<\/li><li>\u00dcr\u00fcn sevkiyat masraf\u0131 olan kargo \u00fccretleri al\u0131c\u0131lar taraf\u0131ndan \u00f6denecektir.<\/li><li>Sat\u0131n al\u0131nan her bir \u00fcr\u00fcn, 30 g\u00fcnl\u00fck yasal s\u00fcreyi a\u015fmamak kayd\u0131 ile al\u0131c\u0131n\u0131n g\u00f6sterdi\u011fi adresteki ki\u015fi ve\/veya kurulu\u015fa teslim edilir. Bu s\u00fcre i\u00e7inde \u00fcr\u00fcn teslim edilmez ise, Al\u0131c\u0131lar s\u00f6zle\u015fmeyi sona erdirebilir.<\/li><li>Sat\u0131n al\u0131nan \u00fcr\u00fcn, eksiksiz ve sipari\u015fte belirtilen niteliklere uygun ve varsa garanti belgesi, kullan\u0131m klavuzu gibi belgelerle teslim edilmek zorundad\u0131r.<\/li><li>Sat\u0131n al\u0131nan \u00fcr\u00fcn\u00fcn sat\u0131lmas\u0131n\u0131n imkans\u0131zla\u015fmas\u0131 durumunda, sat\u0131c\u0131 bu durumu \u00f6\u011frendi\u011finden itibaren 3 g\u00fcn i\u00e7inde yaz\u0131l\u0131 olarak al\u0131c\u0131ya bu durumu bildirmek zorundad\u0131r. 14 g\u00fcn i\u00e7inde de toplam bedel Al\u0131c\u0131\u2019ya iade edilmek zorundad\u0131r.<\/li><\/ol><p><strong>SATIN ALINAN \u00dcR\u00dcN BEDEL\u0130 \u00d6DENMEZ \u0130SE:<\/strong><\/p><ol start=\"7\"><li>Al\u0131c\u0131, sat\u0131n ald\u0131\u011f\u0131 \u00fcr\u00fcn bedelini \u00f6demez veya banka kay\u0131tlar\u0131nda iptal ederse, Sat\u0131c\u0131n\u0131n \u00fcr\u00fcn\u00fc teslim y\u00fck\u00fcml\u00fcl\u00fc\u011f\u00fc sona erer.<\/li><\/ol><p><strong>KRED\u0130 KARTININ YETK\u0130S\u0130Z KULLANIMI \u0130LE YAPILAN ALI\u015eVER\u0130\u015eLER:<\/strong><\/p><ol start=\"8\"><li>\u00dcr\u00fcn teslim edildikten sonra, al\u0131c\u0131n\u0131n \u00f6deme yapt\u0131\u011f\u0131 kredi kart\u0131n\u0131n yetkisiz ki\u015filer taraf\u0131ndan haks\u0131z olarak kullan\u0131ld\u0131\u011f\u0131 tespit edilirse ve sat\u0131lan \u00fcr\u00fcn bedeli ilgili banka veya finans kurulu\u015fu taraf\u0131ndan Sat\u0131c\u0131&#8217;ya \u00f6denmez ise, Al\u0131c\u0131, s\u00f6zle\u015fme konusu \u00fcr\u00fcn\u00fc 3 g\u00fcn i\u00e7erisinde nakliye gideri SATICI\u2019ya ait olacak \u015fekilde SATICI\u2019ya iade etmek zorundad\u0131r.<\/li><\/ol><p><strong>\u00d6NG\u00d6R\u00dcLEMEYEN SEBEPLERLE \u00dcR\u00dcN S\u00dcRES\u0130NDE TESL\u0130M ED\u0130LEMEZ \u0130SE:<\/strong><\/p><ol start=\"9\"><li>Sat\u0131c\u0131\u2019n\u0131n \u00f6ng\u00f6remeyece\u011fi m\u00fccbir sebepler olu\u015fursa ve \u00fcr\u00fcn s\u00fcresinde teslim edilemez ise, durum Al\u0131c\u0131\u2019ya bildirilir. Al\u0131c\u0131, sipari\u015fin iptalini, \u00fcr\u00fcn\u00fcn benzeri ile de\u011fi\u015ftirilmesini veya engel ortadan kalkana dek teslimat\u0131n ertelenmesini talep edebilir. Al\u0131c\u0131 sipari\u015fi iptal ederse; \u00f6demeyi nakit ile yapm\u0131\u015f ise iptalinden itibaren 14 g\u00fcn i\u00e7inde kendisine nakden bu \u00fccret \u00f6denir. Al\u0131c\u0131, \u00f6demeyi kredi kart\u0131 ile yapm\u0131\u015f ise ve iptal ederse, bu iptalden itibaren yine 14 g\u00fcn i\u00e7inde \u00fcr\u00fcn bedeli bankaya iade edilir, ancak bankan\u0131n al\u0131c\u0131n\u0131n hesab\u0131na 2-3 hafta i\u00e7erisinde aktarmas\u0131 olas\u0131d\u0131r.<\/li><\/ol><p><strong>ALICININ \u00dcR\u00dcN\u00dc KONTROL ETME Y\u00dcK\u00dcML\u00dcL\u00dc\u011e\u00dc:<\/strong><\/p><ol start=\"10\"><li>Al\u0131c\u0131, s\u00f6zle\u015fme konusu mal\/hizmeti teslim almadan \u00f6nce muayene edecek; ezik, k\u0131r\u0131k, ambalaj\u0131 y\u0131rt\u0131lm\u0131\u015f vb. hasarl\u0131 ve ay\u0131pl\u0131 mal\/hizmeti kargo \u015firketinden teslim almayacakt\u0131r. Teslim al\u0131nan mal\/hizmetin hasars\u0131z ve sa\u011flam oldu\u011fu kabul edilecektir. ALICI , Teslimden sonra mal\/hizmeti \u00f6zenle korunmak zorundad\u0131r. Cayma hakk\u0131 kullan\u0131lacaksa mal\/hizmet kullan\u0131lmamal\u0131d\u0131r. \u00dcr\u00fcnle birlikte Fatura da iade edilmelidir.<\/li><\/ol><p><strong>CAYMA HAKKI:<\/strong><\/p><ol start=\"11\"><li>ALICI; sat\u0131n ald\u0131\u011f\u0131 \u00fcr\u00fcn\u00fcn kendisine veya g\u00f6sterdi\u011fi adresteki ki\u015fi\/kurulu\u015fa teslim tarihinden itibaren 14 (on d\u00f6rt) g\u00fcn i\u00e7erisinde, SATICI\u2019ya a\u015fa\u011f\u0131daki ileti\u015fim bilgileri \u00fczerinden bildirmek \u015fart\u0131yla hi\u00e7bir hukuki ve cezai sorumluluk \u00fcstlenmeksizin ve hi\u00e7bir gerek\u00e7e g\u00f6stermeksizin mal\u0131 reddederek s\u00f6zle\u015fmeden cayma hakk\u0131n\u0131 kullanabilir.<\/li><\/ol><ol start=\"12\"><li><strong>SATICININ CAYMA HAKKI B\u0130LD\u0130R\u0130M\u0130 YAPILACAK \u0130LET\u0130\u015e\u0130M B\u0130LG\u0130LER\u0130:<\/strong><\/li><\/ol><p>C ve A Y\u00f6netim Dan\u0131\u015fmanl\u0131\u0131E\u011fitim Yay\u0131n Turizm Nakliyet Bilgisayar Tic. Ltd. \u015eti.<br \/>ADRES:Cumhuriyet Mahallesi Hac\u0131osman Bay\u0131r\u0131 No:19 Sar\u0131yer \u0130stanbul<br \/>Telefon:212-2277545<br \/>Eposta:info@capella.com.tr<\/p><p><strong>CAYMA HAKKININ S\u00dcRES\u0130:<\/strong><\/p><ol start=\"13\"><li>Al\u0131c\u0131, sat\u0131n ald\u0131\u011f\u0131 e\u011fer bir hizmet ise, bu 14 g\u00fcnl\u00fck s\u00fcre s\u00f6zle\u015fmenin imzaland\u0131\u011f\u0131 tarihten itibaren ba\u015flar. Cayma hakk\u0131 s\u00fcresi sona ermeden \u00f6nce, t\u00fcketicinin onay\u0131 ile hizmetin ifas\u0131na ba\u015flanan hizmet s\u00f6zle\u015fmelerinde cayma hakk\u0131 kullan\u0131lamaz.<\/li><li>Cayma hakk\u0131n\u0131n kullan\u0131lmas\u0131 i\u00e7in 14 (ond\u00f6rt) g\u00fcnl\u00fck s\u00fcre i\u00e7inde SATICI&#8217; ya iadeli taahh\u00fctl\u00fc posta, faks veya eposta ile yaz\u0131l\u0131 bildirimde bulunulmas\u0131 ve \u00fcr\u00fcn\u00fcn i\u015fbu s\u00f6zle\u015fmede d\u00fczenlenen &#8220;Cayma Hakk\u0131 Kullan\u0131lamayacak \u00dcr\u00fcnler&#8221; h\u00fck\u00fcmleri \u00e7er\u00e7evesinde kullan\u0131lmam\u0131\u015f olmas\u0131 \u015fartt\u0131r.<\/li><\/ol><p><strong>CAYMA HAKKININ KULLANIMI:\u00a0<\/strong><\/p><ol start=\"15\"><li>ki\u015fiye veya ALICI\u2019 ya teslim edilen \u00fcr\u00fcn\u00fcn faturas\u0131, (\u0130ade edilmek istenen \u00fcr\u00fcn\u00fcn faturas\u0131 kurumsal ise, iade ederken kurumun d\u00fczenlemi\u015f oldu\u011fu iade faturas\u0131 ile birlikte g\u00f6nderilmesi gerekmektedir. Faturas\u0131 kurumlar ad\u0131na d\u00fczenlenen sipari\u015f iadeleri \u0130ADE FATURASI kesilmedi\u011fi takdirde tamamlanamayacakt\u0131r.)<\/li><li>\u0130ade formu, \u0130ade edilecek \u00fcr\u00fcnlerin kutusu, ambalaj\u0131, varsa standart aksesuarlar\u0131 ile birlikte eksiksiz ve hasars\u0131z olarak teslim edilmesi gerekmektedir.<\/li><\/ol><p><strong>\u0130ADE KO\u015eULLARI:<\/strong><\/p><ol start=\"17\"><li>SATICI, cayma bildiriminin kendisine ula\u015fmas\u0131ndan itibaren en ge\u00e7 10 g\u00fcnl\u00fck s\u00fcre i\u00e7erisinde toplam bedeli ve ALICI\u2019y\u0131 bor\u00e7 alt\u0131na sokan belgeleri ALICI\u2019 ya iade etmek ve 20 g\u00fcnl\u00fck s\u00fcre i\u00e7erisinde mal\u0131 iade almakla y\u00fck\u00fcml\u00fcd\u00fcr.<\/li><li>ALICI\u2019 n\u0131n kusurundan kaynaklanan bir nedenle mal\u0131n de\u011ferinde bir azalma olursa cayma hakk\u0131 iptal olacakt\u0131r. ALICI kusuru oran\u0131nda SATICI\u2019 n\u0131n zararlar\u0131n\u0131 tazmin etmekle y\u00fck\u00fcml\u00fcd\u00fcr.<\/li><\/ol><p><strong>CAYMA HAKKI KULLANILAMAYACAK \u00dcR\u00dcNLER:<\/strong><\/p><ol start=\"19\"><li>Abonelik s\u00f6zle\u015fmesi kapsam\u0131nda sa\u011flananlar d\u0131\u015f\u0131nda, gazete ve dergi gibi s\u00fcreli yay\u0131nlara ili\u015fkin mallar, ALICI taraf\u0131ndan a\u00e7\u0131lm\u0131\u015f olan kitaplar\u0131n iadesi Y\u00f6netmelik gere\u011fi m\u00fcmk\u00fcn de\u011fildir. Ayr\u0131ca Cayma hakk\u0131 s\u00fcresi sona ermeden \u00f6nce, t\u00fcketicinin onay\u0131 ile ifas\u0131na ba\u015flanan hizmetlere ili\u015fkin cayma hakk\u0131n\u0131n kullan\u0131lmas\u0131 da Y\u00f6netmelik gere\u011fi m\u00fcmk\u00fcn de\u011fildir.<\/li><\/ol><p><strong>TEMERR\u00dcT HAL\u0130 VE HUKUK\u0130 SONU\u00c7LARI<\/strong><\/p><ol start=\"20\"><li>ALICI, \u00f6deme i\u015flemlerini kredi kart\u0131 ile yapt\u0131\u011f\u0131 durumda temerr\u00fcde d\u00fc\u015ft\u00fc\u011f\u00fc takdirde, kart sahibi banka ile aras\u0131ndaki kredi kart\u0131 s\u00f6zle\u015fmesi \u00e7er\u00e7evesinde faiz \u00f6deyece\u011fini ve bankaya kar\u015f\u0131 sorumlu olaca\u011f\u0131n\u0131 kabul, beyan ve taahh\u00fct eder. Bu durumda ilgili banka hukuki yollara ba\u015fvurabilir; do\u011facak masraflar\u0131 ve vek\u00e2let \u00fccretini ALICI\u2019dan talep edebilir ve her ko\u015fulda ALICI\u2019n\u0131n borcundan dolay\u0131 temerr\u00fcde d\u00fc\u015fmesi halinde, ALICI, borcun gecikmeli ifas\u0131ndan dolay\u0131 SATICI\u2019n\u0131n u\u011frad\u0131\u011f\u0131 zarar ve ziyan\u0131n\u0131 \u00f6deyece\u011fini kabul eder.<\/li><\/ol><p><strong>\u00d6DEME VE TESL\u0130MAT<\/strong><\/p><ol start=\"21\"><li>Banka Havalesi veya EFT (Elektronik Fon Transferi) yaparak, \u0130\u015fbankas\u0131 hesab\u0131m\u0131za yapabilirsiniz. (Iban: TRY:\u00a0 TR61 0006 4000 0011 2990 5762 29)<\/li><li>Sitemiz \u00fczerinden kredi kartlar\u0131n\u0131z ile, Her t\u00fcrl\u00fc kredi kart\u0131n\u0131za online tek \u00f6deme ya da\u00a0online taksit imk\u00e2nlar\u0131ndan yararlanabilirsiniz. Online \u00f6demelerinizde sipari\u015finiz sonunda kredi kart\u0131n\u0131zdan tutar \u00e7ekim i\u015flemi ger\u00e7ekle\u015fecektir.<\/li><\/ol>\t\t\t\t\t\t\t\t<\/div>\n\t\t\t\t<\/div>\n\t\t\t\t\t<\/div>\n\t\t\t\t<\/div>\n\t\t<div class=\"elementor-element elementor-element-3bc7db1d elementor-hidden-desktop elementor-hidden-tablet elementor-hidden-mobile e-flex e-con-boxed e-con e-parent\" data-id=\"3bc7db1d\" data-element_type=\"container\" data-e-type=\"container\">\n\t\t\t\t\t<div class=\"e-con-inner\">\n\t\t\t\t<div class=\"elementor-element elementor-element-2db71288 elementor-widget elementor-widget-shortcode\" data-id=\"2db71288\" data-element_type=\"widget\" data-e-type=\"widget\" data-widget_type=\"shortcode.default\">\n\t\t\t\t<div class=\"elementor-widget-container\">\n\t\t\t\t\t\t\t<div class=\"elementor-shortcode\">[cmplz-terms-conditions type=\"terms-conditions\"]<\/div>\n\t\t\t\t\t\t<\/div>\n\t\t\t\t<\/div>\n\t\t\t\t\t<\/div>\n\t\t\t\t<\/div>\n\t\t\t\t<\/div>\n\t\t","protected":false},"excerpt":{"rendered":"<p>Mesafeli Sat\u0131\u015f S\u00f6zle\u015fmesi TARAFLAR \u0130\u015fbu S\u00f6zle\u015fme a\u015fa\u011f\u0131daki taraflar aras\u0131nda a\u015fa\u011f\u0131da belirtilen h\u00fck\u00fcm ve \u015fartlar \u00e7er\u00e7evesinde imzalanm\u0131\u015ft\u0131r. ALICI: AD-SOYAD:ADRES: SATICI: AD-SOYAD: C ve A Y\u00f6netim Dan\u0131\u015fmanl\u0131k E\u011fitim Yay\u0131n Turizm Nakliyet Bilgisayar Tic. Ltd. \u015eti.ADRES:Cumhuriyet Mahallesi Hac\u0131osman Bay\u0131r\u0131 No:19 Sar\u0131yer \u0130stanbul Telefon: +90 212 227 7545 \u0130\u015f bu s\u00f6zle\u015fmeyi kabul etmekle ALICI, s\u00f6zle\u015fme konusu sipari\u015fi onaylad\u0131\u011f\u0131 takdirde [&hellip;]<\/p>\n","protected":false},"author":1,"featured_media":0,"parent":0,"menu_order":0,"comment_status":"closed","ping_status":"closed","template":"","meta":{"footnotes":""},"class_list":["post-2816","page","type-page","status-publish","hentry"],"jetpack_sharing_enabled":true,"_links":{"self":[{"href":"https:\/\/denizbasibuyuk.com\/tr\/wp-json\/wp\/v2\/pages\/2816","targetHints":{"allow":["GET"]}}],"collection":[{"href":"https:\/\/denizbasibuyuk.com\/tr\/wp-json\/wp\/v2\/pages"}],"about":[{"href":"https:\/\/denizbasibuyuk.com\/tr\/wp-json\/wp\/v2\/types\/page"}],"author":[{"embeddable":true,"href":"https:\/\/denizbasibuyuk.com\/tr\/wp-json\/wp\/v2\/users\/1"}],"replies":[{"embeddable":true,"href":"https:\/\/denizbasibuyuk.com\/tr\/wp-json\/wp\/v2\/comments?post=2816"}],"version-history":[{"count":0,"href":"https:\/\/denizbasibuyuk.com\/tr\/wp-json\/wp\/v2\/pages\/2816\/revisions"}],"wp:attachment":[{"href":"https:\/\/denizbasibuyuk.com\/tr\/wp-json\/wp\/v2\/media?parent=2816"}],"curies":[{"name":"wp","href":"https:\/\/api.w.org\/{rel}","templated":true}]}}